{"id":162,"date":"2017-12-25T19:28:13","date_gmt":"2017-12-25T19:28:13","guid":{"rendered":"http:\/\/willis-imkerladen.de\/?post_type=product&#038;p=162"},"modified":"2024-06-17T16:22:10","modified_gmt":"2024-06-17T16:22:10","slug":"fruehtracht","status":"publish","type":"product","link":"https:\/\/willis-imkerladen.de\/?product=fruehtracht","title":{"rendered":"Echter Deutscher Bienenhonig Fr\u00fchtracht"},"content":{"rendered":"<p>500g Bienenhonig, Fr\u00fchtracht (aus den Monaten M\u00e4rz bis Mai) Im Preis sind 50 Cent Glaspfand enthalten.<\/p>\n","protected":false},"excerpt":{"rendered":"<p>500g Bienenhonig, Fr\u00fchtracht (aus den Monaten M\u00e4rz bis Mai) Im Preis sind 50 Cent Glaspfand enthalten.<\/p>\n","protected":false},"featured_media":26,"comment_status":"open","ping_status":"closed","template":"","meta":[],"product_cat":[20],"product_tag":[],"acf":[],"_links":{"self":[{"href":"https:\/\/willis-imkerladen.de\/index.php?rest_route=\/wp\/v2\/product\/162"}],"collection":[{"href":"https:\/\/willis-imkerladen.de\/index.php?rest_route=\/wp\/v2\/product"}],"about":[{"href":"https:\/\/willis-imkerladen.de\/index.php?rest_route=\/wp\/v2\/types\/product"}],"replies":[{"embeddable":true,"href":"https:\/\/willis-imkerladen.de\/index.php?rest_route=%2Fwp%2Fv2%2Fcomments&post=162"}],"wp:featuredmedia":[{"embeddable":true,"href":"https:\/\/willis-imkerladen.de\/index.php?rest_route=\/wp\/v2\/media\/26"}],"wp:attachment":[{"href":"https:\/\/willis-imkerladen.de\/index.php?rest_route=%2Fwp%2Fv2%2Fmedia&parent=162"}],"wp:term":[{"taxonomy":"product_cat","embeddable":true,"href":"https:\/\/willis-imkerladen.de\/index.php?rest_route=%2Fwp%2Fv2%2Fproduct_cat&post=162"},{"taxonomy":"product_tag","embeddable":true,"href":"https:\/\/willis-imkerladen.de\/index.php?rest_route=%2Fwp%2Fv2%2Fproduct_tag&post=162"}],"curies":[{"name":"wp","href":"https:\/\/api.w.org\/{rel}","templated":true}]}}