{"id":224,"date":"2017-12-29T14:55:19","date_gmt":"2017-12-29T14:55:19","guid":{"rendered":"http:\/\/willis-imkerladen.de\/?post_type=product&#038;p=224"},"modified":"2023-09-24T17:08:54","modified_gmt":"2023-09-24T17:08:54","slug":"baerenfang-honiglikoer-2","status":"publish","type":"product","link":"https:\/\/willis-imkerladen.de\/?product=baerenfang-honiglikoer-2","title":{"rendered":"B\u00e4renfang Honiglik\u00f6r"},"content":{"rendered":"<p>0,5L delikater Honiglik\u00f6r auf Weinbrandbasis 24% Alkohol in der Steingutflasche. Ideale Geschenkidee<\/p>\n","protected":false},"excerpt":{"rendered":"<p>0,5L delikater Honiglik\u00f6r auf Weinbrandbasis 24% Alkohol in der Steingutflasche. Ideale Geschenkidee<\/p>\n","protected":false},"featured_media":52,"comment_status":"open","ping_status":"closed","template":"","meta":[],"product_cat":[22],"product_tag":[],"acf":[],"_links":{"self":[{"href":"https:\/\/willis-imkerladen.de\/index.php?rest_route=\/wp\/v2\/product\/224"}],"collection":[{"href":"https:\/\/willis-imkerladen.de\/index.php?rest_route=\/wp\/v2\/product"}],"about":[{"href":"https:\/\/willis-imkerladen.de\/index.php?rest_route=\/wp\/v2\/types\/product"}],"replies":[{"embeddable":true,"href":"https:\/\/willis-imkerladen.de\/index.php?rest_route=%2Fwp%2Fv2%2Fcomments&post=224"}],"wp:featuredmedia":[{"embeddable":true,"href":"https:\/\/willis-imkerladen.de\/index.php?rest_route=\/wp\/v2\/media\/52"}],"wp:attachment":[{"href":"https:\/\/willis-imkerladen.de\/index.php?rest_route=%2Fwp%2Fv2%2Fmedia&parent=224"}],"wp:term":[{"taxonomy":"product_cat","embeddable":true,"href":"https:\/\/willis-imkerladen.de\/index.php?rest_route=%2Fwp%2Fv2%2Fproduct_cat&post=224"},{"taxonomy":"product_tag","embeddable":true,"href":"https:\/\/willis-imkerladen.de\/index.php?rest_route=%2Fwp%2Fv2%2Fproduct_tag&post=224"}],"curies":[{"name":"wp","href":"https:\/\/api.w.org\/{rel}","templated":true}]}}